{"id":687,"date":"2026-02-16T13:51:30","date_gmt":"2026-02-16T11:51:30","guid":{"rendered":"https:\/\/novosluxurysuites.ro\/?page_id=687"},"modified":"2026-02-16T13:51:30","modified_gmt":"2026-02-16T11:51:30","slug":"gdpr","status":"publish","type":"page","link":"https:\/\/novosluxurysuites.ro\/en\/gdpr\/","title":{"rendered":"GDPR"},"content":{"rendered":"<h2 class=\"wp-block-heading\">PRELUCRAREA DATELOR CU CARACTER PERSONAL<\/h2>\n\n\n\n<p>IDEM INVESTMENT S.R.L., avand sediul social in Bucuresti, sector 3, Bulevardul Unirii, nr. 72, bl. J3C, Tronson 1, \u00eenregistrata la Oficiul Registrului Comer\u021bului sub nr. J2023006987236, EUID ROONRC. J2023006987236, CUI 48991358, avand cont bancar RO71BREL0000RON195505285, deschis la banca Libra Internet Bank SA, reprezentata legal de administrator ABDOLLAH ZADI MARYAM, este de\u021bin\u0103toarea website-ului https:\/\/novosluxurysuites.ro\/ \u0219i are calitatea de operator de date cu caracter personal pentru prelucr\u0103rile men\u021bionate mai jos.<\/p>\n\n\n\n<h2 class=\"wp-block-heading\">Prelucrarea datelor cu caracter personal<\/h2>\n\n\n\n<p>Societatea poate prelucra datele cu caracter personal ale dumneavoastr\u0103 \u00een conformitate cu detaliile expuse mai departe:<\/p>\n\n\n\n<p>1. numele, prenumele, adresa, adresa de email, num\u0103rul de telefon \u0219i contul bancar \u00een vederea \u00eencheierii \u0219i execut\u0103rii contractului de \u00eenchiriere urmare a rezerv\u0103rii efectuate de client prin intermediul site-ului Societ\u0103\u021bii sau a altor website-uri ori platforme. Temeiul juridic al prelucr\u0103ri datelor cu caracter personal \u00eel reprezint\u0103 art.6 lit.b din Regulamentul (UE) 2016\/679, respectiv executarea contractului \u00eencheiat \u00eentre p\u0103r\u021bi;<\/p>\n\n\n\n<p>2. numele, prenumele, data \u0219i locul na\u0219terii, cet\u0103\u021benia, seria \u0219i num\u0103rul actului de identitate sau, dup\u0103 caz, al pa\u0219aportului \u00een scopul efectu\u0103rii \u00eenregistr\u0103rii \u0219i raport\u0103rilor legale necesare dup\u0103 efectuarea check-in-ului. Temeiul juridic al prelucr\u0103ri datelor cu caracter personal \u00eel reprezint\u0103 art.6 lit.c din Regulamentul (UE) 2016\/679, respectiv \u00eendeplinirea unei obliga\u021bii legale a Societ\u0103\u021bii;<\/p>\n\n\n\n<p>3. numele, prenumele, adresa de email \u0219i num\u0103rul de telefon \u00een scopul efectu\u0103rii comunic\u0103rilor care nu au leg\u0103tur\u0103 cu \u00eencheierea \u0219i executarea contractului de \u00eenchiriere. Temeiul juridic al prelucr\u0103ri datelor cu caracter personal \u00eel reprezint\u0103 art.6 lit.a din Regulamentul (UE) 2016\/679, respectiv consim\u021b\u0103m\u00e2ntul persoanei respective care ini\u021biaz\u0103 comunicarea;<\/p>\n\n\n\n<p>4. imaginea video a persoanei \u00een scopul supravegherii video a c\u0103ii de acces \u0219i a holurilor cl\u0103dirii \u00een care sunt situate apartamentele \u00eenchiriate. Temeiul juridic al prelucr\u0103ri datelor cu caracter personal \u00eel reprezint\u0103 art.6 lit.f din Regulamentul (UE) 2016\/679, respectiv interesul legitim al Societ\u0103\u021bii pentru asigurarea securit\u0103\u021bii cl\u0103dirii, apartamentelor, bunurilor \u0219i persoanelor care au acces.<\/p>\n\n\n\n<p>Prin completarea datelor \u00een formularul de rezervare pe website-ul Societ\u0103\u021bii v\u0103 da\u021bi acordul expres \u0219i neechivoc ca date personale s\u0103 fie prelucrate \u00een scopurile efectu\u0103rii rezerv\u0103rii solicitate.<\/p>\n\n\n\n<p>Datele cu caracter personal men\u021bionate la punctele 1) \u0219i 2) de mai sus vor fi stocate pentru o perioad\u0103 de minim 5 (ani). \u00cen cazul \u00een care dispozi\u021biile legale aplicabile impun stocarea datelor respective pentru o perioad\u0103 mai mare, se vor aplica dispozi\u021biile legale.<\/p>\n\n\n\n<p>Datele cu caracter personal men\u021bionate la punctul 3) de mai sus vor fi stocate pentru o perioad\u0103 de 3 ani. Datele cu caracter personal men\u021bionate la punctul 4) de mai sus vor fi stocate pentru o perioad\u0103 de 30 de zile, urm\u00e2nd ca \u00eenregistr\u0103rile video s\u0103 se \u0219tearg\u0103 automat la expirarea perioadei men\u021bionate except\u00e2nd situa\u021bia \u00een care este sesizat un incident ce trebuie investigat.<\/p>\n\n\n\n<p>Societatea a implementat m\u0103suri de securitate tehnic\u0103 \u0219i organizatoric\u0103 corespunz\u0103toare pentru a asigura securitatea, confiden\u021bialitatea, protejarea datelor cu caracter personal \u00eempotriva divulg\u0103rii ilegale sau a prelucr\u0103rii neautorizate sau a pierderii, modific\u0103rii, distrugerii sau deterior\u0103rii acestora.<\/p>\n\n\n\n<p>Societatea poate furniza datele cu caracter personal prelucrate c\u0103tre diver\u0219i prestatori de servicii, dup\u0103 caz, cum ar fi furnizorilor de servicii de plat\u0103\/bancare sau alte servicii, furnizorilor de servicii IT, furnizorilor de servicii de contabilitate, situa\u021bie \u00een care va \u00eencheia acorduri privind prelucrarea de date cu caracter personal cu ace\u0219tia \u00een scopul men\u021binerii securit\u0103\u021bii, confiden\u021bialit\u0103\u021bii, protej\u0103rii datelor cu caracter personal \u00eempotriva divulg\u0103rii ilegale sau a prelucr\u0103rii neautorizate sau a pierderii, modific\u0103rii, distrugerii sau deterior\u0103rii acestora.<\/p>\n\n\n\n<p>Datele cu caracter personal pot fi furnizate c\u0103tre Poli\u021bia Rom\u00e2n\u0103, parchete, instan\u021be judec\u0103tore\u0219ti, Agen\u021bia Na\u021bional\u0103 de Administrare Fiscal\u0103 \u0219i altor organe abilitate ale statului, \u00een baza \u0219i \u00een limitele prevederilor legale \u0219i ca urmare a unor cereri expres formulate.<\/p>\n\n\n\n<p>\u00cen cazul prelucr\u0103rii datelor cu caracter personal \u00een baza consim\u021b\u0103m\u00e2ntului dumneavoastr\u0103 ave\u021bi dreptul de a v\u0103 retrage consim\u021b\u0103m\u00e2ntul la orice moment printr-un simplu email la adresa rezervari@novosluxurysuites.ro, contact@novosluxurysuites.ro Retragerea consim\u021b\u0103m\u00e2ntului nu afecteaz\u0103 legalitatea prelucr\u0103rii efectuat\u0103 anterior.<\/p>\n\n\n\n<p>Datele cu caracter personal nu vor fi transferate c\u0103tre o \u0163ar\u0103 ter\u0163\u0103 sau o organiza\u0163ie interna\u0163ional\u0103. Nu exist\u0103 un proces decizional automatizat incluz\u00e2nd crearea de profiluri.<\/p>\n\n\n\n<p>\u00cen m\u0103sura \u00een care considera\u021bi c\u0103 v-au fost \u00eenc\u0103lcate drepturile privind protec\u021bia datelor cu caracter personal pute\u021bi depune o pl\u00e2ngere la Autoritatea Na\u0163ional\u0103 de Supraveghere a Prelucr\u0103rii Datelor cu Caracter Personal, www.dataprotection.ro, B-dul G-ral. Gheorghe Magheru 28-30, Sector 1, cod po\u0219tal 010336, Bucuresti, Romania, tel.+40.318.059.211, +40.318.059.212.<\/p>\n\n\n\n<p>Adi\u021bional, ave\u021bi urm\u0103toarele drepturi: de acces la datele cu caracter personal, de rectificare sau \u015ftergere a acestora, de restric\u0163ionare a prelucr\u0103rii sau dreptul de a se opune prelucr\u0103rii, precum \u015fi a dreptului la portabilitatea datelor.<\/p>\n\n\n\n<h2 class=\"wp-block-heading\">Politica de utilizare a cookie-urilor<\/h2>\n\n\n\n<p>Website-ul nostru utilizeaz\u0103 cookies proprii \u0219i cookie-uri instalate de ter\u021be p\u0103r\u021bi, precum Google, pentru a v\u0103 oferi cea mai bun\u0103 experien\u021b\u0103 posibil\u0103 vizitatorilor website-ului (denumi\u021bi \u00een cele ce urmeaz\u0103 \u201dutilizatori\u201d).<\/p>\n\n\n\n<p>Cookie-ul este un fi\u0219ier de mici dimensiuni, format din litere \u0219i cifre, care va fi stocat pe computerul, terminalul mobil sau alte echipamente ale unui utilizator de pe care se acceseaz\u0103 internetul. Cookie-ul este instalat prin solicitarea emis\u0103 de c\u0103tre un web-server unui browser (ex: Internet Explorer, Chrome) \u0219i este complet \u201cpasiv\u201d (nu con\u021bine programe software, virusi sau spyware \u0219i nu poate accesa informa\u021biile de pe hard driverul utilizatorului).<\/p>\n\n\n\n<p><span style=\"text-decoration: underline;\">La ce sunt folosite Cookie-urile?<\/span><\/p>\n\n\n\n<p>Aceste fi\u0219iere fac posibil\u0103 recunoa\u0219terea terminalului utilizatorului \u0219i prezentarea con\u021binutului \u00eentr-un mod relevant, adaptat preferin\u021belor utilizatorului. Cookie-urile asigur\u0103 utilizatorilor o experien\u021b\u0103 pl\u0103cut\u0103 de navigare. De asemenea, sunt utilizate \u00een preg\u0103tirea unor statistici anonime agregate care ne ajut\u0103 s\u0103 \u00een\u021belegem cum un utilizator beneficiaz\u0103 de pagina noastr\u0103 web, permi\u021b\u00e2ndu-ne \u00eembun\u0103t\u0103\u021birea structurii \u0219i con\u021binutului lor, excluz\u00e2nd identificarea personal\u0103 a utilizatorului.<\/p>\n\n\n\n<p><span style=\"text-decoration: underline;\">Ce Cookie-uri folosim?<\/span><\/p>\n\n\n\n<p>Folosim dou\u0103 tipuri de Cookie-uri: per sesiune \u0219i fixe. Cele din urm\u0103 sunt fi\u0219iere temporare ce r\u0103m\u00e2n \u00een terminalul utilizatorului p\u00e2n\u0103 la terminarea sesiunii sau \u00eenchiderea aplica\u021biei (browser-ului web). Fi\u0219ierele fixe r\u0103m\u00e2n pe terminalul utilizatorului pe o perioad\u0103 \u00een parametrii Cookie-ului sau p\u00e2n\u0103 sunt \u0219terse manual de utilizator.<\/p>\n\n\n\n<p><span style=\"text-decoration: underline;\">Cum sunt folosite cookie-urile de c\u0103tre acest Website?<\/span><\/p>\n\n\n\n<p>O vizit\u0103 pe acest website poate plasa cookie-uri \u00een scopuri de:<\/p>\n\n\n\n<ul class=\"wp-block-list\">\n<li>Cookie-uri de performan\u021b\u0103 a website-ului;<\/li>\n\n\n\n<li>Cookie-uri de analiz\u0103 a vizitatorilor, sesiunilor \u0219i campaniilor;<\/li>\n\n\n\n<li>Cookie pentru a stoca \u0219i num\u0103ra vizualiz\u0103rile paginilor.<\/li>\n<\/ul>\n\n\n\n<p><span style=\"text-decoration: underline;\">Con\u021bin Cookie-urile date personale?<\/span><\/p>\n\n\n\n<p>Cookie-urile \u00een sine nu solicit\u0103 informa\u021bii cu caracter personal pentru a putea fi utilizate \u0219i, \u00een cele mai multe cazuri, nu identific\u0103 personal utilizatorii de internet. \u00cen ipoteza \u00een care sunt activate cookie-uri care colecteaz\u0103 date cu caracter personal, acele date sunt criptate \u00eentr-un mod care face imposibil accesul persoanelor neautorizate la ele.<\/p>\n\n\n\n<p><span style=\"text-decoration: underline;\">\u0218tergerea Cookie-urilor<\/span><\/p>\n\n\n\n<p>\u00cen general, o aplica\u021bie folosit\u0103 pentru accesarea paginilor web permite salvarea Cookie-urilor pe terminal \u00een mod implicit. Aceste set\u0103ri pot fi schimbate \u00een a\u0219a fel \u00eenc\u00e2t administrarea automat\u0103 a Cookie-urilor s\u0103 fie blocat\u0103 de browser-ul web sau utilizatorul s\u0103 fie informat de fiecare dat\u0103 c\u00e2nd Cookie-uri sunt trimise c\u0103tre terminalul s\u0103u. Informa\u021bii detaliate despre posibilit\u0103\u021bile \u0219i modurile de administrare a Cookie-urilor pot fi g\u0103site \u00een zona de set\u0103ri a aplica\u021biei (browser-ului web). Limitarea folosirii Cookie-urilor poate afecta anumite func\u021bionalit\u0103\u021bi ale paginii web.<\/p>\n\n\n\n<p><span style=\"text-decoration: underline;\">De ce sunt cookie-urile importante pentru Internet?<\/span><\/p>\n\n\n\n<p>Cookie-urile reprezint\u0103 punctul central al func\u021bion\u0103rii eficiente a Internetului, ajut\u00e2nd la generarea unei experien\u021be de navigare prietenoase \u0219i adaptat\u0103 preferin\u021belor \u0219i intereselor fiec\u0103rui utilizator. Cookie-urile esen\u021biale pentru a putea accesa website-ul nostru vor fi tot timpul activate. Refuzarea sau dezactivarea cookie-urilor neesen\u021biale poate face unele website-ul dificil de folosit. Refuzarea sau dezactivarea cookie-urilor \u00eenseamn\u0103 c\u0103 website-ul nu va mai putea \u021bine cont de preferin\u021bele \u0219i interesele dumneavoastr\u0103, eviden\u021biate prin comportamentul de navigare, cum ar fi re\u021binerea parolei aferente acces\u0103rii contului dup\u0103 efectuarea rezerv\u0103rii.<\/p>","protected":false},"excerpt":{"rendered":"<p>PRELUCRAREA DATELOR CU CARACTER PERSONAL IDEM INVESTMENT S.R.L., avand sediul social in Bucuresti, sector 3, Bulevardul Unirii, nr. 72, bl. J3C, Tronson 1, \u00eenregistrata la Oficiul Registrului Comer\u021bului sub nr. J2023006987236, EUID ROONRC. J2023006987236, CUI 48991358, avand cont bancar RO71BREL0000RON195505285, deschis la banca Libra Internet Bank SA, reprezentata legal de administrator ABDOLLAH ZADI MARYAM, este [&hellip;]<\/p>","protected":false},"author":1,"featured_media":0,"parent":0,"menu_order":0,"comment_status":"closed","ping_status":"closed","template":"","meta":{"footnotes":""},"class_list":["post-687","page","type-page","status-publish","hentry"],"yoast_head":"<!-- This site is optimized with the Yoast SEO plugin v26.8 - https:\/\/yoast.com\/product\/yoast-seo-wordpress\/ -->\n<title>GDPR - NOVOS<\/title>\n<meta name=\"robots\" content=\"index, follow, max-snippet:-1, max-image-preview:large, max-video-preview:-1\" \/>\n<link rel=\"canonical\" href=\"https:\/\/novosluxurysuites.ro\/en\/gdpr\/\" \/>\n<meta property=\"og:locale\" content=\"en_US\" \/>\n<meta property=\"og:type\" content=\"article\" \/>\n<meta property=\"og:title\" content=\"GDPR - NOVOS\" \/>\n<meta property=\"og:description\" content=\"PRELUCRAREA DATELOR CU CARACTER PERSONAL IDEM INVESTMENT S.R.L., avand sediul social in Bucuresti, sector 3, Bulevardul Unirii, nr. 72, bl. J3C, Tronson 1, \u00eenregistrata la Oficiul Registrului Comer\u021bului sub nr. J2023006987236, EUID ROONRC. J2023006987236, CUI 48991358, avand cont bancar RO71BREL0000RON195505285, deschis la banca Libra Internet Bank SA, reprezentata legal de administrator ABDOLLAH ZADI MARYAM, este [&hellip;]\" \/>\n<meta property=\"og:url\" content=\"https:\/\/novosluxurysuites.ro\/en\/gdpr\/\" \/>\n<meta property=\"og:site_name\" content=\"NOVOS\" \/>\n<meta name=\"twitter:card\" content=\"summary_large_image\" \/>\n<meta name=\"twitter:label1\" content=\"Est. reading time\" \/>\n\t<meta name=\"twitter:data1\" content=\"6 minutes\" \/>\n<script type=\"application\/ld+json\" class=\"yoast-schema-graph\">{\"@context\":\"https:\/\/schema.org\",\"@graph\":[{\"@type\":\"WebPage\",\"@id\":\"https:\/\/novosluxurysuites.ro\/gdpr\/\",\"url\":\"https:\/\/novosluxurysuites.ro\/gdpr\/\",\"name\":\"GDPR - NOVOS\",\"isPartOf\":{\"@id\":\"https:\/\/novosluxurysuites.ro\/#website\"},\"datePublished\":\"2026-02-16T11:51:30+00:00\",\"breadcrumb\":{\"@id\":\"https:\/\/novosluxurysuites.ro\/gdpr\/#breadcrumb\"},\"inLanguage\":\"en-US\",\"potentialAction\":[{\"@type\":\"ReadAction\",\"target\":[\"https:\/\/novosluxurysuites.ro\/gdpr\/\"]}]},{\"@type\":\"BreadcrumbList\",\"@id\":\"https:\/\/novosluxurysuites.ro\/gdpr\/#breadcrumb\",\"itemListElement\":[{\"@type\":\"ListItem\",\"position\":1,\"name\":\"Home\",\"item\":\"https:\/\/novosluxurysuites.ro\/\"},{\"@type\":\"ListItem\",\"position\":2,\"name\":\"GDPR\"}]},{\"@type\":\"WebSite\",\"@id\":\"https:\/\/novosluxurysuites.ro\/#website\",\"url\":\"https:\/\/novosluxurysuites.ro\/\",\"name\":\"NOVOS Luxury Suites\",\"description\":\"Luxury Suites\",\"potentialAction\":[{\"@type\":\"SearchAction\",\"target\":{\"@type\":\"EntryPoint\",\"urlTemplate\":\"https:\/\/novosluxurysuites.ro\/?s={search_term_string}\"},\"query-input\":{\"@type\":\"PropertyValueSpecification\",\"valueRequired\":true,\"valueName\":\"search_term_string\"}}],\"inLanguage\":\"en-US\"}]}<\/script>\n<!-- \/ Yoast SEO plugin. -->","yoast_head_json":{"title":"GDPR - NOVOS","robots":{"index":"index","follow":"follow","max-snippet":"max-snippet:-1","max-image-preview":"max-image-preview:large","max-video-preview":"max-video-preview:-1"},"canonical":"https:\/\/novosluxurysuites.ro\/en\/gdpr\/","og_locale":"en_US","og_type":"article","og_title":"GDPR - NOVOS","og_description":"PRELUCRAREA DATELOR CU CARACTER PERSONAL IDEM INVESTMENT S.R.L., avand sediul social in Bucuresti, sector 3, Bulevardul Unirii, nr. 72, bl. J3C, Tronson 1, \u00eenregistrata la Oficiul Registrului Comer\u021bului sub nr. J2023006987236, EUID ROONRC. J2023006987236, CUI 48991358, avand cont bancar RO71BREL0000RON195505285, deschis la banca Libra Internet Bank SA, reprezentata legal de administrator ABDOLLAH ZADI MARYAM, este [&hellip;]","og_url":"https:\/\/novosluxurysuites.ro\/en\/gdpr\/","og_site_name":"NOVOS","twitter_card":"summary_large_image","twitter_misc":{"Est. reading time":"6 minutes"},"schema":{"@context":"https:\/\/schema.org","@graph":[{"@type":"WebPage","@id":"https:\/\/novosluxurysuites.ro\/gdpr\/","url":"https:\/\/novosluxurysuites.ro\/gdpr\/","name":"GDPR - NOVOS","isPartOf":{"@id":"https:\/\/novosluxurysuites.ro\/#website"},"datePublished":"2026-02-16T11:51:30+00:00","breadcrumb":{"@id":"https:\/\/novosluxurysuites.ro\/gdpr\/#breadcrumb"},"inLanguage":"en-US","potentialAction":[{"@type":"ReadAction","target":["https:\/\/novosluxurysuites.ro\/gdpr\/"]}]},{"@type":"BreadcrumbList","@id":"https:\/\/novosluxurysuites.ro\/gdpr\/#breadcrumb","itemListElement":[{"@type":"ListItem","position":1,"name":"Home","item":"https:\/\/novosluxurysuites.ro\/"},{"@type":"ListItem","position":2,"name":"GDPR"}]},{"@type":"WebSite","@id":"https:\/\/novosluxurysuites.ro\/#website","url":"https:\/\/novosluxurysuites.ro\/","name":"NOVOS Luxury Suites","description":"Luxury Suites","potentialAction":[{"@type":"SearchAction","target":{"@type":"EntryPoint","urlTemplate":"https:\/\/novosluxurysuites.ro\/?s={search_term_string}"},"query-input":{"@type":"PropertyValueSpecification","valueRequired":true,"valueName":"search_term_string"}}],"inLanguage":"en-US"}]}},"_links":{"self":[{"href":"https:\/\/novosluxurysuites.ro\/en\/wp-json\/wp\/v2\/pages\/687","targetHints":{"allow":["GET"]}}],"collection":[{"href":"https:\/\/novosluxurysuites.ro\/en\/wp-json\/wp\/v2\/pages"}],"about":[{"href":"https:\/\/novosluxurysuites.ro\/en\/wp-json\/wp\/v2\/types\/page"}],"author":[{"embeddable":true,"href":"https:\/\/novosluxurysuites.ro\/en\/wp-json\/wp\/v2\/users\/1"}],"replies":[{"embeddable":true,"href":"https:\/\/novosluxurysuites.ro\/en\/wp-json\/wp\/v2\/comments?post=687"}],"version-history":[{"count":1,"href":"https:\/\/novosluxurysuites.ro\/en\/wp-json\/wp\/v2\/pages\/687\/revisions"}],"predecessor-version":[{"id":688,"href":"https:\/\/novosluxurysuites.ro\/en\/wp-json\/wp\/v2\/pages\/687\/revisions\/688"}],"wp:attachment":[{"href":"https:\/\/novosluxurysuites.ro\/en\/wp-json\/wp\/v2\/media?parent=687"}],"curies":[{"name":"wp","href":"https:\/\/api.w.org\/{rel}","templated":true}]}}