{"id":60,"date":"2025-09-23T14:15:24","date_gmt":"2025-09-23T11:15:24","guid":{"rendered":"https:\/\/novos.adacity.ro\/?page_id=60"},"modified":"2026-03-25T11:50:51","modified_gmt":"2026-03-25T09:50:51","slug":"localizare-facilitati","status":"publish","type":"page","link":"https:\/\/novosluxurysuites.ro\/en\/localizare-facilitati\/","title":{"rendered":"Locations &amp; Facilities"},"content":{"rendered":"<div data-elementor-type=\"wp-page\" data-elementor-id=\"60\" class=\"elementor elementor-60\" data-elementor-post-type=\"page\">\n\t\t\t\t<div class=\"elementor-element elementor-element-504ada0 e-con-full e-flex e-con e-parent\" data-id=\"504ada0\" data-element_type=\"container\" data-settings=\"{&quot;background_background&quot;:&quot;classic&quot;}\">\n\t\t\t\t<div class=\"elementor-element elementor-element-8c9a102 elementor-widget elementor-widget-heading\" data-id=\"8c9a102\" data-element_type=\"widget\" data-widget_type=\"heading.default\">\n\t\t\t\t\t<h1 class=\"elementor-heading-title elementor-size-default\">Locations &amp; Facilities<\/h1>\t\t\t\t<\/div>\n\t\t\t\t<\/div>\n\t\t<div class=\"elementor-element elementor-element-ddb27b0 e-con-full e-flex e-con e-parent\" data-id=\"ddb27b0\" data-element_type=\"container\">\n\t\t<div class=\"elementor-element elementor-element-7566fcf e-con-full e-flex e-con e-child\" data-id=\"7566fcf\" data-element_type=\"container\">\n\t\t\t\t<div class=\"elementor-element elementor-element-19b8696 elementor-widget elementor-widget-google_maps\" data-id=\"19b8696\" data-element_type=\"widget\" data-widget_type=\"google_maps.default\">\n\t\t\t\t\t\t\t<div class=\"elementor-custom-embed\">\n\t\t\t<iframe loading=\"lazy\"\n\t\t\t\t\tsrc=\"https:\/\/maps.google.com\/maps?q=novos%20residence&#038;t=m&#038;z=16&#038;output=embed&#038;iwloc=near\"\n\t\t\t\t\ttitle=\"novos residence\"\n\t\t\t\t\taria-label=\"novos residence\"\n\t\t\t><\/iframe>\n\t\t<\/div>\n\t\t\t\t\t\t<\/div>\n\t\t\t\t<\/div>\n\t\t\t\t<\/div>\n\t\t<div class=\"elementor-element elementor-element-bf2b83a e-flex e-con-boxed e-con e-parent\" data-id=\"bf2b83a\" data-element_type=\"container\" data-settings=\"{&quot;background_background&quot;:&quot;classic&quot;}\">\n\t\t\t\t\t<div class=\"e-con-inner\">\n\t\t<div class=\"elementor-element elementor-element-77d47ba e-con-full e-flex e-con e-child\" data-id=\"77d47ba\" data-element_type=\"container\" data-settings=\"{&quot;background_background&quot;:&quot;classic&quot;}\">\n\t\t\t\t<div class=\"elementor-element elementor-element-5dbda35 elementor-widget elementor-widget-heading\" data-id=\"5dbda35\" data-element_type=\"widget\" data-widget_type=\"heading.default\">\n\t\t\t\t\t<h4 class=\"elementor-heading-title elementor-size-default\">Spa &amp; wellness<\/h4>\t\t\t\t<\/div>\n\t\t\t\t<div class=\"elementor-element elementor-element-612a437 elementor-widget elementor-widget-text-editor\" data-id=\"612a437\" data-element_type=\"widget\" data-widget_type=\"text-editor.default\">\n\t\t\t\t\t\t\t\t\t<p>Hotelul Novos Luxury Suites \u00ee\u021bi pune la dispozi\u021bie un centru spa pentru momente de relaxare menite s\u0103 \u00ee\u021bi completeze vizita \u0219i s\u0103 te fac\u0103 s\u0103 te deconectezi de cotidian. Accesul la facilit\u0103\u021bile spa este disponibil cu rezervare si contra cost.<\/p>\t\t\t\t\t\t\t\t<\/div>\n\t\t\t\t<\/div>\n\t\t<div class=\"elementor-element elementor-element-9c9e009 e-con-full e-flex e-con e-child\" data-id=\"9c9e009\" data-element_type=\"container\" data-settings=\"{&quot;background_background&quot;:&quot;classic&quot;}\">\n\t\t\t\t<div class=\"elementor-element elementor-element-d5bddf5 elementor-widget elementor-widget-spacer\" data-id=\"d5bddf5\" data-element_type=\"widget\" data-widget_type=\"spacer.default\">\n\t\t\t\t\t\t\t<div class=\"elementor-spacer\">\n\t\t\t<div class=\"elementor-spacer-inner\"><\/div>\n\t\t<\/div>\n\t\t\t\t\t\t<\/div>\n\t\t\t\t<\/div>\n\t\t\t\t\t<\/div>\n\t\t\t\t<\/div>\n\t\t<div class=\"elementor-element elementor-element-0a9c428 e-flex e-con-boxed e-con e-parent\" data-id=\"0a9c428\" data-element_type=\"container\" data-settings=\"{&quot;background_background&quot;:&quot;classic&quot;}\">\n\t\t\t\t\t<div class=\"e-con-inner\">\n\t\t<div class=\"elementor-element elementor-element-9296a09 e-con-full e-flex e-con e-child\" data-id=\"9296a09\" data-element_type=\"container\" data-settings=\"{&quot;background_background&quot;:&quot;classic&quot;}\">\n\t\t\t\t<div class=\"elementor-element elementor-element-ad2f5e6 elementor-widget elementor-widget-spacer\" data-id=\"ad2f5e6\" data-element_type=\"widget\" data-widget_type=\"spacer.default\">\n\t\t\t\t\t\t\t<div class=\"elementor-spacer\">\n\t\t\t<div class=\"elementor-spacer-inner\"><\/div>\n\t\t<\/div>\n\t\t\t\t\t\t<\/div>\n\t\t\t\t<\/div>\n\t\t<div class=\"elementor-element elementor-element-c870a9e e-con-full e-flex e-con e-child\" data-id=\"c870a9e\" data-element_type=\"container\" data-settings=\"{&quot;background_background&quot;:&quot;classic&quot;}\">\n\t\t\t\t<div class=\"elementor-element elementor-element-0db4fbd elementor-widget elementor-widget-heading\" data-id=\"0db4fbd\" data-element_type=\"widget\" data-widget_type=\"heading.default\">\n\t\t\t\t\t<h4 class=\"elementor-heading-title elementor-size-default\">Bar &amp; restaurant<\/h4>\t\t\t\t<\/div>\n\t\t\t\t<div class=\"elementor-element elementor-element-00345a4 elementor-widget elementor-widget-text-editor\" data-id=\"00345a4\" data-element_type=\"widget\" data-widget_type=\"text-editor.default\">\n\t\t\t\t\t\t\t\t\t<p>Right on the ground floor of the hotel, you will find the Amoom Unirii restaurant. You will have a varied menu for breakfast, lunch or dinner. In addition, you can enjoy a cocktail for a quiet evening.<\/p>\t\t\t\t\t\t\t\t<\/div>\n\t\t\t\t<div class=\"elementor-element elementor-element-b846696 elementor-icon-list--layout-traditional elementor-list-item-link-full_width elementor-widget elementor-widget-icon-list\" data-id=\"b846696\" data-element_type=\"widget\" data-widget_type=\"icon-list.default\">\n\t\t\t\t\t\t\t<ul class=\"elementor-icon-list-items\">\n\t\t\t\t\t\t\t<li class=\"elementor-icon-list-item\">\n\t\t\t\t\t\t\t\t\t\t\t<span class=\"elementor-icon-list-icon\">\n\t\t\t\t\t\t\t<svg aria-hidden=\"true\" class=\"e-font-icon-svg e-far-clock\" viewbox=\"0 0 512 512\" xmlns=\"http:\/\/www.w3.org\/2000\/svg\"><path d=\"M256 8C119 8 8 119 8 256s111 248 248 248 248-111 248-248S393 8 256 8zm0 448c-110.5 0-200-89.5-200-200S145.5 56 256 56s200 89.5 200 200-89.5 200-200 200zm61.8-104.4l-84.9-61.7c-3.1-2.3-4.9-5.9-4.9-9.7V116c0-6.6 5.4-12 12-12h32c6.6 0 12 5.4 12 12v141.7l66.8 48.6c5.4 3.9 6.5 11.4 2.6 16.8L334.6 349c-3.9 5.3-11.4 6.5-16.8 2.6z\"><\/path><\/svg>\t\t\t\t\t\t<\/span>\n\t\t\t\t\t\t\t\t\t\t<span class=\"elementor-icon-list-text\">10:00 - 22:00<\/span>\n\t\t\t\t\t\t\t\t\t<\/li>\n\t\t\t\t\t\t<\/ul>\n\t\t\t\t\t\t<\/div>\n\t\t\t\t<\/div>\n\t\t\t\t\t<\/div>\n\t\t\t\t<\/div>\n\t\t<div class=\"elementor-element elementor-element-e7d57f3 e-flex e-con-boxed e-con e-parent\" data-id=\"e7d57f3\" data-element_type=\"container\" data-settings=\"{&quot;background_background&quot;:&quot;classic&quot;}\">\n\t\t\t\t\t<div class=\"e-con-inner\">\n\t\t<div class=\"elementor-element elementor-element-2ff56e9 e-con-full e-flex e-con e-child\" data-id=\"2ff56e9\" data-element_type=\"container\" data-settings=\"{&quot;background_background&quot;:&quot;classic&quot;}\">\n\t\t\t\t<div class=\"elementor-element elementor-element-dd6cf59 elementor-widget elementor-widget-heading\" data-id=\"dd6cf59\" data-element_type=\"widget\" data-widget_type=\"heading.default\">\n\t\t\t\t\t<h4 class=\"elementor-heading-title elementor-size-default\">The comfort of his home<\/h4>\t\t\t\t<\/div>\n\t\t\t\t<div class=\"elementor-element elementor-element-eaa6fe1 elementor-widget elementor-widget-text-editor\" data-id=\"eaa6fe1\" data-element_type=\"widget\" data-widget_type=\"text-editor.default\">\n\t\t\t\t\t\t\t\t\t<p>Choose one of the 4 types of rooms designed for your comfort and relaxation. Whether it's business or leisure travel, alone or with your family, Novos Luxury Suites offers you all the facilities you need.<\/p>\t\t\t\t\t\t\t\t<\/div>\n\t\t\t\t<\/div>\n\t\t<div class=\"elementor-element elementor-element-dd12fe7 e-con-full e-flex e-con e-child\" data-id=\"dd12fe7\" data-element_type=\"container\" data-settings=\"{&quot;background_background&quot;:&quot;classic&quot;}\">\n\t\t\t\t<div class=\"elementor-element elementor-element-873606b elementor-widget elementor-widget-spacer\" data-id=\"873606b\" data-element_type=\"widget\" data-widget_type=\"spacer.default\">\n\t\t\t\t\t\t\t<div class=\"elementor-spacer\">\n\t\t\t<div class=\"elementor-spacer-inner\"><\/div>\n\t\t<\/div>\n\t\t\t\t\t\t<\/div>\n\t\t\t\t<\/div>\n\t\t\t\t\t<\/div>\n\t\t\t\t<\/div>\n\t\t<div class=\"elementor-element elementor-element-a02261f e-flex e-con-boxed e-con e-parent\" data-id=\"a02261f\" data-element_type=\"container\" data-settings=\"{&quot;background_background&quot;:&quot;classic&quot;}\">\n\t\t\t\t\t<div class=\"e-con-inner\">\n\t\t<div class=\"elementor-element elementor-element-4f10b8d e-con-full e-flex e-con e-child\" data-id=\"4f10b8d\" data-element_type=\"container\" data-settings=\"{&quot;background_background&quot;:&quot;classic&quot;}\">\n\t\t\t\t<div class=\"elementor-element elementor-element-ffba2a2 elementor-widget elementor-widget-spacer\" data-id=\"ffba2a2\" data-element_type=\"widget\" data-widget_type=\"spacer.default\">\n\t\t\t\t\t\t\t<div class=\"elementor-spacer\">\n\t\t\t<div class=\"elementor-spacer-inner\"><\/div>\n\t\t<\/div>\n\t\t\t\t\t\t<\/div>\n\t\t\t\t<\/div>\n\t\t<div class=\"elementor-element elementor-element-74f9618 e-con-full e-flex e-con e-child\" data-id=\"74f9618\" data-element_type=\"container\" data-settings=\"{&quot;background_background&quot;:&quot;classic&quot;}\">\n\t\t\t\t<div class=\"elementor-element elementor-element-eb7cd6d elementor-widget elementor-widget-heading\" data-id=\"eb7cd6d\" data-element_type=\"widget\" data-widget_type=\"heading.default\">\n\t\t\t\t\t<h4 class=\"elementor-heading-title elementor-size-default\">Fast access to anywhere<\/h4>\t\t\t\t<\/div>\n\t\t\t\t<div class=\"elementor-element elementor-element-e65f07f elementor-widget elementor-widget-text-editor\" data-id=\"e65f07f\" data-element_type=\"widget\" data-widget_type=\"text-editor.default\">\n\t\t\t\t\t\t\t\t\t<p>The ultra-central location makes it easy to access tourist attractions, restaurants, cafes or bars. Plus, you have all means of transportation less than a 2-minute walk away.\u00a0<\/p>\t\t\t\t\t\t\t\t<\/div>\n\t\t\t\t<div class=\"elementor-element elementor-element-cf82fd8 elementor-icon-list--layout-traditional elementor-list-item-link-full_width elementor-widget elementor-widget-icon-list\" data-id=\"cf82fd8\" data-element_type=\"widget\" data-widget_type=\"icon-list.default\">\n\t\t\t\t\t\t\t<ul class=\"elementor-icon-list-items\">\n\t\t\t\t\t\t\t<li class=\"elementor-icon-list-item\">\n\t\t\t\t\t\t\t\t\t\t\t<span class=\"elementor-icon-list-icon\">\n\t\t\t\t\t\t\t<i aria-hidden=\"true\" class=\"icon icon-train\"><\/i>\t\t\t\t\t\t<\/span>\n\t\t\t\t\t\t\t\t\t\t<span class=\"elementor-icon-list-text\">Uniri Metro Station<\/span>\n\t\t\t\t\t\t\t\t\t<\/li>\n\t\t\t\t\t\t\t\t<li class=\"elementor-icon-list-item\">\n\t\t\t\t\t\t\t\t\t\t\t<span class=\"elementor-icon-list-icon\">\n\t\t\t\t\t\t\t<svg aria-hidden=\"true\" class=\"e-font-icon-svg e-fas-bus\" viewbox=\"0 0 512 512\" xmlns=\"http:\/\/www.w3.org\/2000\/svg\"><path d=\"M488 128h-8V80c0-44.8-99.2-80-224-80S32 35.2 32 80v48h-8c-13.25 0-24 10.74-24 24v80c0 13.25 10.75 24 24 24h8v160c0 17.67 14.33 32 32 32v32c0 17.67 14.33 32 32 32h32c17.67 0 32-14.33 32-32v-32h192v32c0 17.67 14.33 32 32 32h32c17.67 0 32-14.33 32-32v-32h6.4c16 0 25.6-12.8 25.6-25.6V256h8c13.25 0 24-10.75 24-24v-80c0-13.26-10.75-24-24-24zM112 400c-17.67 0-32-14.33-32-32s14.33-32 32-32 32 14.33 32 32-14.33 32-32 32zm16-112c-17.67 0-32-14.33-32-32V128c0-17.67 14.33-32 32-32h256c17.67 0 32 14.33 32 32v128c0 17.67-14.33 32-32 32H128zm272 112c-17.67 0-32-14.33-32-32s14.33-32 32-32 32 14.33 32 32-14.33 32-32 32z\"><\/path><\/svg>\t\t\t\t\t\t<\/span>\n\t\t\t\t\t\t\t\t\t\t<span class=\"elementor-icon-list-text\">Bus stations<\/span>\n\t\t\t\t\t\t\t\t\t<\/li>\n\t\t\t\t\t\t<\/ul>\n\t\t\t\t\t\t<\/div>\n\t\t\t\t<\/div>\n\t\t\t\t\t<\/div>\n\t\t\t\t<\/div>\n\t\t\t\t<\/div>","protected":false},"excerpt":{"rendered":"<p>Localizare &amp; facilit\u0103\u021bi Spa &amp; Relaxare Hotelul Novos Luxury Suites \u00ee\u021bi pune la dispozi\u021bie un centru spa pentru momente de relaxare menite s\u0103 \u00ee\u021bi completeze vizita \u0219i s\u0103 te fac\u0103 s\u0103 te deconectezi de cotidian. Accesul la facilit\u0103\u021bile spa este disponibil cu rezervare si contra cost. Restaurant &amp; Bar Chiar la parterul hotelului, reg\u0103se\u0219ti restaurantul [&hellip;]<\/p>","protected":false},"author":1,"featured_media":0,"parent":0,"menu_order":0,"comment_status":"closed","ping_status":"closed","template":"","meta":{"footnotes":""},"class_list":["post-60","page","type-page","status-publish","hentry"],"yoast_head":"<!-- This site is optimized with the Yoast SEO plugin v26.8 - https:\/\/yoast.com\/product\/yoast-seo-wordpress\/ -->\n<title>Localizare &amp; facilit\u0103\u021bi - NOVOS<\/title>\n<meta name=\"robots\" content=\"index, follow, max-snippet:-1, max-image-preview:large, max-video-preview:-1\" \/>\n<link rel=\"canonical\" href=\"https:\/\/novosluxurysuites.ro\/en\/localizare-facilitati\/\" \/>\n<meta property=\"og:locale\" content=\"en_US\" \/>\n<meta property=\"og:type\" content=\"article\" \/>\n<meta property=\"og:title\" content=\"Localizare &amp; facilit\u0103\u021bi - NOVOS\" \/>\n<meta property=\"og:description\" content=\"Localizare &amp; facilit\u0103\u021bi Spa &amp; Relaxare Hotelul Novos Luxury Suites \u00ee\u021bi pune la dispozi\u021bie un centru spa pentru momente de relaxare menite s\u0103 \u00ee\u021bi completeze vizita \u0219i s\u0103 te fac\u0103 s\u0103 te deconectezi de cotidian. Accesul la facilit\u0103\u021bile spa este disponibil cu rezervare si contra cost. Restaurant &amp; Bar Chiar la parterul hotelului, reg\u0103se\u0219ti restaurantul [&hellip;]\" \/>\n<meta property=\"og:url\" content=\"https:\/\/novosluxurysuites.ro\/en\/localizare-facilitati\/\" \/>\n<meta property=\"og:site_name\" content=\"NOVOS\" \/>\n<meta property=\"article:modified_time\" content=\"2026-03-25T09:50:51+00:00\" \/>\n<meta name=\"twitter:card\" content=\"summary_large_image\" \/>\n<meta name=\"twitter:label1\" content=\"Est. reading time\" \/>\n\t<meta name=\"twitter:data1\" content=\"1 minute\" \/>\n<script type=\"application\/ld+json\" class=\"yoast-schema-graph\">{\"@context\":\"https:\/\/schema.org\",\"@graph\":[{\"@type\":\"WebPage\",\"@id\":\"https:\/\/novosluxurysuites.ro\/localizare-facilitati\/\",\"url\":\"https:\/\/novosluxurysuites.ro\/localizare-facilitati\/\",\"name\":\"Localizare &amp; facilit\u0103\u021bi - NOVOS\",\"isPartOf\":{\"@id\":\"https:\/\/novosluxurysuites.ro\/#website\"},\"datePublished\":\"2025-09-23T11:15:24+00:00\",\"dateModified\":\"2026-03-25T09:50:51+00:00\",\"breadcrumb\":{\"@id\":\"https:\/\/novosluxurysuites.ro\/localizare-facilitati\/#breadcrumb\"},\"inLanguage\":\"en-US\",\"potentialAction\":[{\"@type\":\"ReadAction\",\"target\":[\"https:\/\/novosluxurysuites.ro\/localizare-facilitati\/\"]}]},{\"@type\":\"BreadcrumbList\",\"@id\":\"https:\/\/novosluxurysuites.ro\/localizare-facilitati\/#breadcrumb\",\"itemListElement\":[{\"@type\":\"ListItem\",\"position\":1,\"name\":\"Home\",\"item\":\"https:\/\/novosluxurysuites.ro\/\"},{\"@type\":\"ListItem\",\"position\":2,\"name\":\"Localizare &amp; facilit\u0103\u021bi\"}]},{\"@type\":\"WebSite\",\"@id\":\"https:\/\/novosluxurysuites.ro\/#website\",\"url\":\"https:\/\/novosluxurysuites.ro\/\",\"name\":\"NOVOS Luxury Suites\",\"description\":\"Luxury Suites\",\"potentialAction\":[{\"@type\":\"SearchAction\",\"target\":{\"@type\":\"EntryPoint\",\"urlTemplate\":\"https:\/\/novosluxurysuites.ro\/?s={search_term_string}\"},\"query-input\":{\"@type\":\"PropertyValueSpecification\",\"valueRequired\":true,\"valueName\":\"search_term_string\"}}],\"inLanguage\":\"en-US\"}]}<\/script>\n<!-- \/ Yoast SEO plugin. -->","yoast_head_json":{"title":"Localizare &amp; facilit\u0103\u021bi - NOVOS","robots":{"index":"index","follow":"follow","max-snippet":"max-snippet:-1","max-image-preview":"max-image-preview:large","max-video-preview":"max-video-preview:-1"},"canonical":"https:\/\/novosluxurysuites.ro\/en\/localizare-facilitati\/","og_locale":"en_US","og_type":"article","og_title":"Localizare &amp; facilit\u0103\u021bi - NOVOS","og_description":"Localizare &amp; facilit\u0103\u021bi Spa &amp; Relaxare Hotelul Novos Luxury Suites \u00ee\u021bi pune la dispozi\u021bie un centru spa pentru momente de relaxare menite s\u0103 \u00ee\u021bi completeze vizita \u0219i s\u0103 te fac\u0103 s\u0103 te deconectezi de cotidian. Accesul la facilit\u0103\u021bile spa este disponibil cu rezervare si contra cost. Restaurant &amp; Bar Chiar la parterul hotelului, reg\u0103se\u0219ti restaurantul [&hellip;]","og_url":"https:\/\/novosluxurysuites.ro\/en\/localizare-facilitati\/","og_site_name":"NOVOS","article_modified_time":"2026-03-25T09:50:51+00:00","twitter_card":"summary_large_image","twitter_misc":{"Est. reading time":"1 minute"},"schema":{"@context":"https:\/\/schema.org","@graph":[{"@type":"WebPage","@id":"https:\/\/novosluxurysuites.ro\/localizare-facilitati\/","url":"https:\/\/novosluxurysuites.ro\/localizare-facilitati\/","name":"Localizare &amp; facilit\u0103\u021bi - NOVOS","isPartOf":{"@id":"https:\/\/novosluxurysuites.ro\/#website"},"datePublished":"2025-09-23T11:15:24+00:00","dateModified":"2026-03-25T09:50:51+00:00","breadcrumb":{"@id":"https:\/\/novosluxurysuites.ro\/localizare-facilitati\/#breadcrumb"},"inLanguage":"en-US","potentialAction":[{"@type":"ReadAction","target":["https:\/\/novosluxurysuites.ro\/localizare-facilitati\/"]}]},{"@type":"BreadcrumbList","@id":"https:\/\/novosluxurysuites.ro\/localizare-facilitati\/#breadcrumb","itemListElement":[{"@type":"ListItem","position":1,"name":"Home","item":"https:\/\/novosluxurysuites.ro\/"},{"@type":"ListItem","position":2,"name":"Localizare &amp; facilit\u0103\u021bi"}]},{"@type":"WebSite","@id":"https:\/\/novosluxurysuites.ro\/#website","url":"https:\/\/novosluxurysuites.ro\/","name":"NOVOS Luxury Suites","description":"Luxury Suites","potentialAction":[{"@type":"SearchAction","target":{"@type":"EntryPoint","urlTemplate":"https:\/\/novosluxurysuites.ro\/?s={search_term_string}"},"query-input":{"@type":"PropertyValueSpecification","valueRequired":true,"valueName":"search_term_string"}}],"inLanguage":"en-US"}]}},"_links":{"self":[{"href":"https:\/\/novosluxurysuites.ro\/en\/wp-json\/wp\/v2\/pages\/60","targetHints":{"allow":["GET"]}}],"collection":[{"href":"https:\/\/novosluxurysuites.ro\/en\/wp-json\/wp\/v2\/pages"}],"about":[{"href":"https:\/\/novosluxurysuites.ro\/en\/wp-json\/wp\/v2\/types\/page"}],"author":[{"embeddable":true,"href":"https:\/\/novosluxurysuites.ro\/en\/wp-json\/wp\/v2\/users\/1"}],"replies":[{"embeddable":true,"href":"https:\/\/novosluxurysuites.ro\/en\/wp-json\/wp\/v2\/comments?post=60"}],"version-history":[{"count":34,"href":"https:\/\/novosluxurysuites.ro\/en\/wp-json\/wp\/v2\/pages\/60\/revisions"}],"predecessor-version":[{"id":715,"href":"https:\/\/novosluxurysuites.ro\/en\/wp-json\/wp\/v2\/pages\/60\/revisions\/715"}],"wp:attachment":[{"href":"https:\/\/novosluxurysuites.ro\/en\/wp-json\/wp\/v2\/media?parent=60"}],"curies":[{"name":"wp","href":"https:\/\/api.w.org\/{rel}","templated":true}]}}